{"id":18,"date":"2015-01-17T13:41:16","date_gmt":"2015-01-17T13:41:16","guid":{"rendered":"http:\/\/www.rsinstalacoeshe.com.br\/?page_id=18"},"modified":"2020-03-05T15:14:57","modified_gmt":"2020-03-05T15:14:57","slug":"instalacoes-de-combate-a-incendio","status":"publish","type":"page","link":"https:\/\/www.rsinstalacoeshe.com.br\/?page_id=18","title":{"rendered":"Instala\u00e7\u00f5es de Combate a Inc\u00eandio"},"content":{"rendered":"<p><img loading=\"lazy\" class=\"alignnone size-full wp-image-16\" src=\"http:\/\/www.rsinstalacoeshe.com.br\/wp-content\/uploads\/2015\/01\/banner-pagina-incendio.jpg\" alt=\"banner pagina incendio\" width=\"643\" height=\"258\" srcset=\"https:\/\/www.rsinstalacoeshe.com.br\/wp-content\/uploads\/2015\/01\/banner-pagina-incendio.jpg 643w, https:\/\/www.rsinstalacoeshe.com.br\/wp-content\/uploads\/2015\/01\/banner-pagina-incendio-300x120.jpg 300w, https:\/\/www.rsinstalacoeshe.com.br\/wp-content\/uploads\/2015\/01\/banner-pagina-incendio-250x100.jpg 250w\" sizes=\"(max-width: 643px) 100vw, 643px\" \/><\/p>\n<p>\u2022 REDE DE SISTEMA DE HIDRANTES<br \/>\n\u2022 REDE DE SISTEMA DE SPRINKLERS<br \/>\n\u2022 INSTALA\u00c7\u00c3O DE BOMBA DE HIDRANTE<br \/>\n\u2022 INSTALA\u00c7\u00c3O DE BOMBAS PRINCIPAL E JOCKEY<\/p>\n<hr>\n<p><center><br \/>\n<a href=\"http:\/\/www.rsinstalacoeshe.com.br\/?page_id=12\"><img loading=\"lazy\" class=\"alignnone size-full wp-image-11\" src=\"http:\/\/www.rsinstalacoeshe.com.br\/wp-content\/uploads\/2015\/01\/solicite-orcamento.jpg\" alt=\"solicite orcamento\" width=\"292\" height=\"39\" srcset=\"https:\/\/www.rsinstalacoeshe.com.br\/wp-content\/uploads\/2015\/01\/solicite-orcamento.jpg 292w, https:\/\/www.rsinstalacoeshe.com.br\/wp-content\/uploads\/2015\/01\/solicite-orcamento-250x33.jpg 250w\" sizes=\"(max-width: 292px) 100vw, 292px\" \/><\/a><\/center><\/p>\n","protected":false},"excerpt":{"rendered":"<p>\u2022 REDE DE SISTEMA DE HIDRANTES \u2022 REDE DE SISTEMA DE SPRINKLERS \u2022 INSTALA\u00c7\u00c3O DE BOMBA DE HIDRANTE \u2022 INSTALA\u00c7\u00c3O DE BOMBAS PRINCIPAL E JOCKEY<\/p>\n","protected":false},"author":3,"featured_media":0,"parent":0,"menu_order":0,"comment_status":"open","ping_status":"open","template":"","meta":[],"_links":{"self":[{"href":"https:\/\/www.rsinstalacoeshe.com.br\/index.php?rest_route=\/wp\/v2\/pages\/18"}],"collection":[{"href":"https:\/\/www.rsinstalacoeshe.com.br\/index.php?rest_route=\/wp\/v2\/pages"}],"about":[{"href":"https:\/\/www.rsinstalacoeshe.com.br\/index.php?rest_route=\/wp\/v2\/types\/page"}],"author":[{"embeddable":true,"href":"https:\/\/www.rsinstalacoeshe.com.br\/index.php?rest_route=\/wp\/v2\/users\/3"}],"replies":[{"embeddable":true,"href":"https:\/\/www.rsinstalacoeshe.com.br\/index.php?rest_route=%2Fwp%2Fv2%2Fcomments&post=18"}],"version-history":[{"count":4,"href":"https:\/\/www.rsinstalacoeshe.com.br\/index.php?rest_route=\/wp\/v2\/pages\/18\/revisions"}],"predecessor-version":[{"id":898,"href":"https:\/\/www.rsinstalacoeshe.com.br\/index.php?rest_route=\/wp\/v2\/pages\/18\/revisions\/898"}],"wp:attachment":[{"href":"https:\/\/www.rsinstalacoeshe.com.br\/index.php?rest_route=%2Fwp%2Fv2%2Fmedia&parent=18"}],"curies":[{"name":"wp","href":"https:\/\/api.w.org\/{rel}","templated":true}]}}