{"id":20,"date":"2015-01-17T13:49:58","date_gmt":"2015-01-17T13:49:58","guid":{"rendered":"http:\/\/www.rsinstalacoeshe.com.br\/?page_id=20"},"modified":"2015-01-17T13:50:35","modified_gmt":"2015-01-17T13:50:35","slug":"instalacoes-eletricas","status":"publish","type":"page","link":"https:\/\/www.rsinstalacoeshe.com.br\/?page_id=20","title":{"rendered":"Instala\u00e7\u00f5es El\u00e9tricas"},"content":{"rendered":"<p><img loading=\"lazy\" src=\"http:\/\/www.rsinstalacoeshe.com.br\/wp-content\/uploads\/2015\/01\/eletrica.jpg\" alt=\"eletrica\" width=\"643\" height=\"258\" class=\"alignnone size-full wp-image-21\" srcset=\"https:\/\/www.rsinstalacoeshe.com.br\/wp-content\/uploads\/2015\/01\/eletrica.jpg 643w, https:\/\/www.rsinstalacoeshe.com.br\/wp-content\/uploads\/2015\/01\/eletrica-300x120.jpg 300w, https:\/\/www.rsinstalacoeshe.com.br\/wp-content\/uploads\/2015\/01\/eletrica-250x100.jpg 250w\" sizes=\"(max-width: 643px) 100vw, 643px\" \/><\/p>\n<p>\u2022\tCAIXAS E TUBULA\u00c7\u00d5ES EM LAJES<br \/>\n\u2022\tCAIXAS E TUBULA\u00c7\u00d5ES EM ALVENARIA<br \/>\n\u2022\tREDE DE INFRAESTRUTURA DE TELEFONIA\/INTERFONIA<br \/>\n\u2022\tREDE DE INFRAESTRURA DE TV E L\u00d3GICA<br \/>\n\u2022\tREDE DE INFRAESTRUTURA DE DETEC\u00c7\u00c3O E ALARME<br \/>\n\u2022\tREDE DE INFRAESTRUTURA DE CONTROLE DE ACESSO<br \/>\n\u2022\tREDE DE INFRESTRUTURA DE AUTOMA\u00c7\u00c3O<br \/>\n\u2022\tCABLAGEM<br \/>\n\u2022\tCENTRO DE MEDI\u00c7\u00c3O<br \/>\n\u2022\tCABINE DE BARRAMENTOS<br \/>\n\u2022\tENTRADA DE ENERGIA EM M\u00c9DIA E BAIXA TENS\u00c3O<br \/>\n\u2022\tINSTALA\u00c7\u00c3O DE SISTEMA BUS-WAY<br \/>\n\u2022\tINSTALA\u00c7\u00c3O DE PAINEIS DE LUZ E FOR\u00c7A<br \/>\n\u2022\tINSTALA\u00c7\u00c3O DE SISTEMA DE PARA-RAIO<br \/>\n\u2022\tINSTALA\u00c7\u00c3O DE GRUPO GERADOR<br \/>\n\u2022\tINSTALA\u00c7\u00c3O DE BOMBAS<br \/>\n\u2022\tINSTALA\u00c7\u00c3O DE INTERRUPTORES E TOMADAS<br \/>\n\u2022\tINSTALA\u00c7\u00c3O DE LUMIN\u00c1RIAS <\/p>\n<hr>\n<p><center><br \/>\n<a href=\"http:\/\/www.rsinstalacoeshe.com.br\/?page_id=12\"><img loading=\"lazy\" src=\"http:\/\/www.rsinstalacoeshe.com.br\/wp-content\/uploads\/2015\/01\/solicite-orcamento.jpg\" alt=\"solicite orcamento\" width=\"292\" height=\"39\" class=\"alignnone size-full wp-image-11\" srcset=\"https:\/\/www.rsinstalacoeshe.com.br\/wp-content\/uploads\/2015\/01\/solicite-orcamento.jpg 292w, https:\/\/www.rsinstalacoeshe.com.br\/wp-content\/uploads\/2015\/01\/solicite-orcamento-250x33.jpg 250w\" sizes=\"(max-width: 292px) 100vw, 292px\" \/><\/a><\/center><\/hr>\n","protected":false},"excerpt":{"rendered":"<p>\u2022 CAIXAS E TUBULA\u00c7\u00d5ES EM LAJES \u2022 CAIXAS E TUBULA\u00c7\u00d5ES EM ALVENARIA \u2022 REDE DE INFRAESTRUTURA DE TELEFONIA\/INTERFONIA \u2022 REDE DE INFRAESTRURA DE TV E L\u00d3GICA \u2022 REDE DE INFRAESTRUTURA DE DETEC\u00c7\u00c3O E ALARME \u2022 REDE DE INFRAESTRUTURA DE CONTROLE DE ACESSO \u2022 REDE DE INFRESTRUTURA DE AUTOMA\u00c7\u00c3O \u2022 CABLAGEM \u2022 CENTRO DE MEDI\u00c7\u00c3O \u2022 [&hellip;]<\/p>\n","protected":false},"author":1,"featured_media":0,"parent":0,"menu_order":0,"comment_status":"open","ping_status":"open","template":"","meta":[],"_links":{"self":[{"href":"https:\/\/www.rsinstalacoeshe.com.br\/index.php?rest_route=\/wp\/v2\/pages\/20"}],"collection":[{"href":"https:\/\/www.rsinstalacoeshe.com.br\/index.php?rest_route=\/wp\/v2\/pages"}],"about":[{"href":"https:\/\/www.rsinstalacoeshe.com.br\/index.php?rest_route=\/wp\/v2\/types\/page"}],"author":[{"embeddable":true,"href":"https:\/\/www.rsinstalacoeshe.com.br\/index.php?rest_route=\/wp\/v2\/users\/1"}],"replies":[{"embeddable":true,"href":"https:\/\/www.rsinstalacoeshe.com.br\/index.php?rest_route=%2Fwp%2Fv2%2Fcomments&post=20"}],"version-history":[{"count":2,"href":"https:\/\/www.rsinstalacoeshe.com.br\/index.php?rest_route=\/wp\/v2\/pages\/20\/revisions"}],"predecessor-version":[{"id":23,"href":"https:\/\/www.rsinstalacoeshe.com.br\/index.php?rest_route=\/wp\/v2\/pages\/20\/revisions\/23"}],"wp:attachment":[{"href":"https:\/\/www.rsinstalacoeshe.com.br\/index.php?rest_route=%2Fwp%2Fv2%2Fmedia&parent=20"}],"curies":[{"name":"wp","href":"https:\/\/api.w.org\/{rel}","templated":true}]}}