{"id":4,"date":"2015-01-17T13:14:51","date_gmt":"2015-01-17T13:14:51","guid":{"rendered":"http:\/\/www.rsinstalacoeshe.com.br\/?page_id=4"},"modified":"2020-03-03T15:28:32","modified_gmt":"2020-03-03T15:28:32","slug":"quem-somos","status":"publish","type":"page","link":"https:\/\/www.rsinstalacoeshe.com.br\/?page_id=4","title":{"rendered":"Quem Somos"},"content":{"rendered":"<p style=\"text-align: justify;\">Ao longo dos \u00faltimos quinze anos, atuamos no segmento de empreendimentos residenciais e comerciais, com o compromisso de fornecer a seus clientes produtos e servi\u00e7os de qualidade, al\u00e9m de suporte p\u00f3s \u2013 entrega. Trabalhamos para atingir e exercer suas expectativas&nbsp; em tudo o que fazemos.<\/p>\n<p style=\"text-align: justify;\">Nossa dedica\u00e7\u00e3o ao cliente \u00e9 o que nos distingue da concorr\u00eancia. Nossa equipe experiente est\u00e1 pronta para ajuda-lo no que voc\u00ea necessitar.<\/p>\n<p style=\"text-align: justify;\">Na RS INSTALA\u00c7\u00d5ES, oferecemos uma ampla gama de produtos e servi\u00e7os. Temos o conhecimento para lidar com qualquer projeto.<\/p>\n<p style=\"text-align: justify;\">Reafirmamos nossa reputa\u00e7\u00e3o e somos conhecidos na cidade de S\u00e3o Paulo pelos excelentes&nbsp; servi\u00e7os que prestamos. Nossa meta \u00e9 garantir que todos os clientes fiquem satisfeitos.<\/p>\n<p style=\"text-align: justify;\">Entre em contato conosco pelo telefone (11) 2979 \u2013 0017 para saber mais sobre o que a RS INSTALA\u00c7\u00d5ES pode fazer por voc\u00ea.<\/p>\n","protected":false},"excerpt":{"rendered":"<p>Ao longo dos \u00faltimos quinze anos, atuamos no segmento de empreendimentos residenciais e comerciais, com o compromisso de fornecer a seus clientes produtos e servi\u00e7os de qualidade, al\u00e9m de suporte p\u00f3s \u2013 entrega. Trabalhamos para atingir e exercer suas expectativas&nbsp; em tudo o que fazemos. Nossa dedica\u00e7\u00e3o ao cliente \u00e9 o que nos distingue da [&hellip;]<\/p>\n","protected":false},"author":3,"featured_media":0,"parent":0,"menu_order":0,"comment_status":"open","ping_status":"closed","template":"","meta":[],"_links":{"self":[{"href":"https:\/\/www.rsinstalacoeshe.com.br\/index.php?rest_route=\/wp\/v2\/pages\/4"}],"collection":[{"href":"https:\/\/www.rsinstalacoeshe.com.br\/index.php?rest_route=\/wp\/v2\/pages"}],"about":[{"href":"https:\/\/www.rsinstalacoeshe.com.br\/index.php?rest_route=\/wp\/v2\/types\/page"}],"author":[{"embeddable":true,"href":"https:\/\/www.rsinstalacoeshe.com.br\/index.php?rest_route=\/wp\/v2\/users\/3"}],"replies":[{"embeddable":true,"href":"https:\/\/www.rsinstalacoeshe.com.br\/index.php?rest_route=%2Fwp%2Fv2%2Fcomments&post=4"}],"version-history":[{"count":3,"href":"https:\/\/www.rsinstalacoeshe.com.br\/index.php?rest_route=\/wp\/v2\/pages\/4\/revisions"}],"predecessor-version":[{"id":803,"href":"https:\/\/www.rsinstalacoeshe.com.br\/index.php?rest_route=\/wp\/v2\/pages\/4\/revisions\/803"}],"wp:attachment":[{"href":"https:\/\/www.rsinstalacoeshe.com.br\/index.php?rest_route=%2Fwp%2Fv2%2Fmedia&parent=4"}],"curies":[{"name":"wp","href":"https:\/\/api.w.org\/{rel}","templated":true}]}}