{"id":52,"date":"2015-01-19T18:41:05","date_gmt":"2015-01-19T18:41:05","guid":{"rendered":"http:\/\/www.rsinstalacoeshe.com.br\/?page_id=52"},"modified":"2020-03-05T20:23:38","modified_gmt":"2020-03-05T20:23:38","slug":"clientes","status":"publish","type":"page","link":"https:\/\/www.rsinstalacoeshe.com.br\/?page_id=52","title":{"rendered":"Clientes"},"content":{"rendered":"\n<p>Conhe\u00e7a alguns clientes que depositaram sua confian\u00e7a nos servi\u00e7os da RS Instala\u00e7\u00f5es:<\/p>\n\n\n\n<div class=\"wp-block-group has-very-light-gray-background-color has-background\"><div class=\"wp-block-group__inner-container\">\n<figure class=\"wp-block-table is-style-stripes\"><table class=\"has-subtle-light-gray-background-color has-fixed-layout has-background\"><tbody><tr><td class=\"has-text-align-center\" data-align=\"center\"><br><br>     <img loading=\"lazy\" width=\"230\" height=\"75\" class=\"wp-image-885\" style=\"width: 200px;\" src=\"http:\/\/www.rsinstalacoeshe.com.br\/wp-content\/uploads\/2020\/03\/LABAT-2.png\" alt=\"\"><br><br><\/td><td class=\"has-text-align-center\" data-align=\"center\"><br><br><img loading=\"lazy\" width=\"393\" height=\"128\" class=\"wp-image-884\" style=\"width: 200px;\" src=\"http:\/\/www.rsinstalacoeshe.com.br\/wp-content\/uploads\/2020\/03\/vero-1.jpg\" alt=\"\" srcset=\"https:\/\/www.rsinstalacoeshe.com.br\/wp-content\/uploads\/2020\/03\/vero-1.jpg 393w, https:\/\/www.rsinstalacoeshe.com.br\/wp-content\/uploads\/2020\/03\/vero-1-300x98.jpg 300w, https:\/\/www.rsinstalacoeshe.com.br\/wp-content\/uploads\/2020\/03\/vero-1-250x81.jpg 250w\" sizes=\"(max-width: 393px) 100vw, 393px\" \/><br>      <\/td><\/tr><tr><td class=\"has-text-align-center\" data-align=\"center\"><br><img loading=\"lazy\" width=\"250\" height=\"75\" class=\"wp-image-866\" style=\"width: 250px;\" src=\"http:\/\/www.rsinstalacoeshe.com.br\/wp-content\/uploads\/2020\/03\/MONTE-CARLO.png\" alt=\"\"><center><br><\/center><\/td><td class=\"has-text-align-center\" data-align=\"center\"><br><img loading=\"lazy\" width=\"279\" height=\"74\" class=\"wp-image-859\" style=\"width: 200px;\" src=\"http:\/\/www.rsinstalacoeshe.com.br\/wp-content\/uploads\/2020\/03\/trisul-e1583418234427.jpg\" alt=\"\" srcset=\"https:\/\/www.rsinstalacoeshe.com.br\/wp-content\/uploads\/2020\/03\/trisul-e1583418234427.jpg 279w, https:\/\/www.rsinstalacoeshe.com.br\/wp-content\/uploads\/2020\/03\/trisul-e1583418234427-250x66.jpg 250w\" sizes=\"(max-width: 279px) 100vw, 279px\" \/><center><br><\/center><\/td><\/tr><tr><td class=\"has-text-align-center\" data-align=\"center\"><center><br><\/center><img loading=\"lazy\" width=\"152\" height=\"82\" class=\"wp-image-868\" style=\"width: 150px;\" src=\"http:\/\/www.rsinstalacoeshe.com.br\/wp-content\/uploads\/2020\/03\/unnamed-e1583419064276.png\" alt=\"\" srcset=\"https:\/\/www.rsinstalacoeshe.com.br\/wp-content\/uploads\/2020\/03\/unnamed-e1583419064276.png 152w, https:\/\/www.rsinstalacoeshe.com.br\/wp-content\/uploads\/2020\/03\/unnamed-e1583419064276-150x82.png 150w\" sizes=\"(max-width: 152px) 100vw, 152px\" \/><\/td><td class=\"has-text-align-center\" data-align=\"center\"><center><span style=\"font-family: inherit; font-size: inherit; font-weight: inherit; text-align: initial;\"><\/span><br><\/center><\/td><\/tr><\/tbody><\/table><\/figure>\n<\/div><\/div>\n\n\n<p><!--StartFragment--><\/p>\n\n\n<p> &#8211; <strong><em>Labat Construtora e Incorporadora  <\/em><\/strong><\/p>\n\n\n\n<p>&#8211; <strong><em>Monte Carlo Incorpora\u00e7\u00f5es e Participa\u00e7\u00f5es <\/em><\/strong><\/p>\n\n\n\n<p>&#8211; <em><strong>Sabel Incorporadora e Administradora<\/strong><\/em><\/p>\n\n\n\n<p><em><strong>&#8211; Vero Empreendimentos e Constru\u00e7\u00f5es<\/strong><\/em><\/p>\n\n\n\n<p>&#8211; <em><strong>Trisul Incorporadora<\/strong><\/em> <em><strong>e Construtora<\/strong><\/em><\/p>\n\n\n<p><!--EndFragment--><\/p>\n\n\n<figure class=\"wp-block-gallery columns-0 is-cropped\"><ul class=\"blocks-gallery-grid\"><\/ul><\/figure>\n","protected":false},"excerpt":{"rendered":"<p>Conhe\u00e7a alguns clientes que depositaram sua confian\u00e7a nos servi\u00e7os da RS Instala\u00e7\u00f5es: &#8211; Labat Construtora e Incorporadora &#8211; Monte Carlo Incorpora\u00e7\u00f5es e Participa\u00e7\u00f5es &#8211; Sabel Incorporadora e Administradora &#8211; Vero Empreendimentos e Constru\u00e7\u00f5es &#8211; Trisul Incorporadora e Construtora<\/p>\n","protected":false},"author":3,"featured_media":0,"parent":0,"menu_order":0,"comment_status":"open","ping_status":"closed","template":"","meta":[],"_links":{"self":[{"href":"https:\/\/www.rsinstalacoeshe.com.br\/index.php?rest_route=\/wp\/v2\/pages\/52"}],"collection":[{"href":"https:\/\/www.rsinstalacoeshe.com.br\/index.php?rest_route=\/wp\/v2\/pages"}],"about":[{"href":"https:\/\/www.rsinstalacoeshe.com.br\/index.php?rest_route=\/wp\/v2\/types\/page"}],"author":[{"embeddable":true,"href":"https:\/\/www.rsinstalacoeshe.com.br\/index.php?rest_route=\/wp\/v2\/users\/3"}],"replies":[{"embeddable":true,"href":"https:\/\/www.rsinstalacoeshe.com.br\/index.php?rest_route=%2Fwp%2Fv2%2Fcomments&post=52"}],"version-history":[{"count":24,"href":"https:\/\/www.rsinstalacoeshe.com.br\/index.php?rest_route=\/wp\/v2\/pages\/52\/revisions"}],"predecessor-version":[{"id":930,"href":"https:\/\/www.rsinstalacoeshe.com.br\/index.php?rest_route=\/wp\/v2\/pages\/52\/revisions\/930"}],"wp:attachment":[{"href":"https:\/\/www.rsinstalacoeshe.com.br\/index.php?rest_route=%2Fwp%2Fv2%2Fmedia&parent=52"}],"curies":[{"name":"wp","href":"https:\/\/api.w.org\/{rel}","templated":true}]}}