{"id":6,"date":"2015-01-17T13:25:00","date_gmt":"2015-01-17T13:25:00","guid":{"rendered":"http:\/\/www.rsinstalacoeshe.com.br\/?page_id=6"},"modified":"2015-01-17T13:34:59","modified_gmt":"2015-01-17T13:34:59","slug":"instalacoes-hidraulicas","status":"publish","type":"page","link":"https:\/\/www.rsinstalacoeshe.com.br\/?page_id=6","title":{"rendered":"Instala\u00e7\u00f5es Hidr\u00e1ulicas"},"content":{"rendered":"<p><img loading=\"lazy\" src=\"http:\/\/www.rsinstalacoeshe.com.br\/wp-content\/uploads\/2015\/01\/pagina-hidraulica.jpg\" alt=\"pagina hidraulica\" width=\"643\" height=\"258\" class=\"alignnone size-full wp-image-8\" srcset=\"https:\/\/www.rsinstalacoeshe.com.br\/wp-content\/uploads\/2015\/01\/pagina-hidraulica.jpg 643w, https:\/\/www.rsinstalacoeshe.com.br\/wp-content\/uploads\/2015\/01\/pagina-hidraulica-300x120.jpg 300w, https:\/\/www.rsinstalacoeshe.com.br\/wp-content\/uploads\/2015\/01\/pagina-hidraulica-250x100.jpg 250w\" sizes=\"(max-width: 643px) 100vw, 643px\" \/><\/p>\n<ul>\n<li>REDE DE \u00c1GUA FRIA<\/li>\n<li>REDE DE \u00c1GUA QUENTE<\/li>\n<li>REDE DE ESGOTO<\/li>\n<li>REDE DE \u00c1GUAS PLUVIAIS<\/li>\n<li>REDE DE \u00c1GUAS SERVIDAS<\/li>\n<li>REDE DE \u00c1GUAS DE REUSO<\/li>\n<li>REDE DE G\u00c1S<\/li>\n<li>INSTALA\u00c7\u00c3O DE BOMBAS<\/li>\n<li>INSTALA\u00c7\u00c3O DE EQUIPAMENTOS DE PISCINA<\/li>\n<li>INSTALA\u00c7\u00c3O DE LOU\u00c7AS E METAIS<\/li>\n<\/ul>\n<p><strong>\u00a0<\/strong><\/p>\n<hr>\n<p><center><a href=\"http:\/\/www.rsinstalacoeshe.com.br\/?page_id=12\"><img loading=\"lazy\" src=\"http:\/\/www.rsinstalacoeshe.com.br\/wp-content\/uploads\/2015\/01\/solicite-orcamento.jpg\" alt=\"solicite orcamento\" width=\"292\" height=\"39\" class=\"alignnone size-full wp-image-11\" srcset=\"https:\/\/www.rsinstalacoeshe.com.br\/wp-content\/uploads\/2015\/01\/solicite-orcamento.jpg 292w, https:\/\/www.rsinstalacoeshe.com.br\/wp-content\/uploads\/2015\/01\/solicite-orcamento-250x33.jpg 250w\" sizes=\"(max-width: 292px) 100vw, 292px\" \/><\/a><\/center><\/hr>\n","protected":false},"excerpt":{"rendered":"<p>REDE DE \u00c1GUA FRIA REDE DE \u00c1GUA QUENTE REDE DE ESGOTO REDE DE \u00c1GUAS PLUVIAIS REDE DE \u00c1GUAS SERVIDAS REDE DE \u00c1GUAS DE REUSO REDE DE G\u00c1S INSTALA\u00c7\u00c3O DE BOMBAS INSTALA\u00c7\u00c3O DE EQUIPAMENTOS DE PISCINA INSTALA\u00c7\u00c3O DE LOU\u00c7AS E METAIS \u00a0<\/p>\n","protected":false},"author":1,"featured_media":0,"parent":0,"menu_order":0,"comment_status":"open","ping_status":"open","template":"","meta":[],"_links":{"self":[{"href":"https:\/\/www.rsinstalacoeshe.com.br\/index.php?rest_route=\/wp\/v2\/pages\/6"}],"collection":[{"href":"https:\/\/www.rsinstalacoeshe.com.br\/index.php?rest_route=\/wp\/v2\/pages"}],"about":[{"href":"https:\/\/www.rsinstalacoeshe.com.br\/index.php?rest_route=\/wp\/v2\/types\/page"}],"author":[{"embeddable":true,"href":"https:\/\/www.rsinstalacoeshe.com.br\/index.php?rest_route=\/wp\/v2\/users\/1"}],"replies":[{"embeddable":true,"href":"https:\/\/www.rsinstalacoeshe.com.br\/index.php?rest_route=%2Fwp%2Fv2%2Fcomments&post=6"}],"version-history":[{"count":4,"href":"https:\/\/www.rsinstalacoeshe.com.br\/index.php?rest_route=\/wp\/v2\/pages\/6\/revisions"}],"predecessor-version":[{"id":14,"href":"https:\/\/www.rsinstalacoeshe.com.br\/index.php?rest_route=\/wp\/v2\/pages\/6\/revisions\/14"}],"wp:attachment":[{"href":"https:\/\/www.rsinstalacoeshe.com.br\/index.php?rest_route=%2Fwp%2Fv2%2Fmedia&parent=6"}],"curies":[{"name":"wp","href":"https:\/\/api.w.org\/{rel}","templated":true}]}}