{"id":828,"date":"2020-03-03T19:43:54","date_gmt":"2020-03-03T19:43:54","guid":{"rendered":"http:\/\/www.rsinstalacoeshe.com.br\/?page_id=828"},"modified":"2020-03-05T19:53:35","modified_gmt":"2020-03-05T19:53:35","slug":"instalacoes","status":"publish","type":"page","link":"https:\/\/www.rsinstalacoeshe.com.br\/?page_id=828","title":{"rendered":"Servi\u00e7os"},"content":{"rendered":"\n<h2>Combate a Inc\u00eandio<\/h2>\n\n\n\n<figure class=\"wp-block-image\"><img loading=\"lazy\" width=\"643\" height=\"258\" src=\"http:\/\/www.rsinstalacoeshe.com.br\/wp-content\/uploads\/2015\/01\/banner-pagina-incendio.jpg\" alt=\"banner pagina incendio\" class=\"wp-image-16\" srcset=\"https:\/\/www.rsinstalacoeshe.com.br\/wp-content\/uploads\/2015\/01\/banner-pagina-incendio.jpg 643w, https:\/\/www.rsinstalacoeshe.com.br\/wp-content\/uploads\/2015\/01\/banner-pagina-incendio-300x120.jpg 300w, https:\/\/www.rsinstalacoeshe.com.br\/wp-content\/uploads\/2015\/01\/banner-pagina-incendio-250x100.jpg 250w\" sizes=\"(max-width: 643px) 100vw, 643px\" \/><\/figure>\n\n\n\n<p>\u2022 REDE DE SISTEMA DE HIDRANTES<br>\u2022 REDE DE SISTEMA DE SPRINKLERS<br>\u2022 INSTALA\u00c7\u00c3O DE BOMBA DE HIDRANTE<br>\u2022 INSTALA\u00c7\u00c3O DE BOMBAS PRINCIPAL E JOCKEY<\/p>\n\n\n\n<h2>Hidr\u00e1ulica<\/h2>\n\n\n\n<figure class=\"wp-block-image\"><img loading=\"lazy\" width=\"643\" height=\"258\" src=\"http:\/\/www.rsinstalacoeshe.com.br\/wp-content\/uploads\/2015\/01\/pagina-hidraulica.jpg\" alt=\"pagina hidraulica\" class=\"wp-image-8\" srcset=\"https:\/\/www.rsinstalacoeshe.com.br\/wp-content\/uploads\/2015\/01\/pagina-hidraulica.jpg 643w, https:\/\/www.rsinstalacoeshe.com.br\/wp-content\/uploads\/2015\/01\/pagina-hidraulica-300x120.jpg 300w, https:\/\/www.rsinstalacoeshe.com.br\/wp-content\/uploads\/2015\/01\/pagina-hidraulica-250x100.jpg 250w\" sizes=\"(max-width: 643px) 100vw, 643px\" \/><\/figure>\n\n\n\n<ul><li>REDE DE \u00c1GUA FRIA<\/li><li>REDE DE \u00c1GUA QUENTE<\/li><li>REDE DE ESGOTO<\/li><li>REDE DE \u00c1GUAS PLUVIAIS<\/li><li>REDE DE \u00c1GUAS SERVIDAS<\/li><li>REDE DE \u00c1GUAS DE REUSO<\/li><li>REDE DE G\u00c1S<\/li><li>INSTALA\u00c7\u00c3O DE BOMBAS<\/li><li>INSTALA\u00c7\u00c3O DE EQUIPAMENTOS DE PISCINA<\/li><li>INSTALA\u00c7\u00c3O DE LOU\u00c7AS E METAIS<\/li><\/ul>\n\n\n\n<p><\/p>\n\n\n\n<h2><strong>El\u00e9trica<\/strong><\/h2>\n\n\n\n<figure class=\"wp-block-image\"><img loading=\"lazy\" width=\"643\" height=\"258\" src=\"http:\/\/www.rsinstalacoeshe.com.br\/wp-content\/uploads\/2015\/01\/eletrica.jpg\" alt=\"eletrica\" class=\"wp-image-21\" srcset=\"https:\/\/www.rsinstalacoeshe.com.br\/wp-content\/uploads\/2015\/01\/eletrica.jpg 643w, https:\/\/www.rsinstalacoeshe.com.br\/wp-content\/uploads\/2015\/01\/eletrica-300x120.jpg 300w, https:\/\/www.rsinstalacoeshe.com.br\/wp-content\/uploads\/2015\/01\/eletrica-250x100.jpg 250w\" sizes=\"(max-width: 643px) 100vw, 643px\" \/><\/figure>\n\n\n\n<p>\u2022 CAIXAS E TUBULA\u00c7\u00d5ES EM LAJES<br>\u2022 CAIXAS E TUBULA\u00c7\u00d5ES EM ALVENARIA<br>\u2022 REDE DE INFRAESTRUTURA DE TELEFONIA\/INTERFONIA<br>\u2022 REDE DE INFRAESTRURA DE TV E L\u00d3GICA<br>\u2022 REDE DE INFRAESTRUTURA DE DETEC\u00c7\u00c3O E ALARME<br>\u2022 REDE DE INFRAESTRUTURA DE CONTROLE DE ACESSO<br>\u2022 REDE DE INFRESTRUTURA DE AUTOMA\u00c7\u00c3O<br>\u2022 CABLAGEM<br>\u2022 CENTRO DE MEDI\u00c7\u00c3O<br>\u2022 CABINE DE BARRAMENTOS<br>\u2022 ENTRADA DE ENERGIA EM M\u00c9DIA E BAIXA TENS\u00c3O<br>\u2022 INSTALA\u00c7\u00c3O DE SISTEMA BUS-WAY<br>\u2022 INSTALA\u00c7\u00c3O DE PAINEIS DE LUZ E FOR\u00c7A<br>\u2022 INSTALA\u00c7\u00c3O DE SISTEMA DE PARA-RAIO<br>\u2022 INSTALA\u00c7\u00c3O DE GRUPO GERADOR<br>\u2022 INSTALA\u00c7\u00c3O DE BOMBAS<br>\u2022 INSTALA\u00c7\u00c3O DE INTERRUPTORES E TOMADAS<br>\u2022 INSTALA\u00c7\u00c3O DE LUMIN\u00c1RIAS<\/p>\n","protected":false},"excerpt":{"rendered":"<p>Combate a Inc\u00eandio \u2022 REDE DE SISTEMA DE HIDRANTES\u2022 REDE DE SISTEMA DE SPRINKLERS\u2022 INSTALA\u00c7\u00c3O DE BOMBA DE HIDRANTE\u2022 INSTALA\u00c7\u00c3O DE BOMBAS PRINCIPAL E JOCKEY Hidr\u00e1ulica REDE DE \u00c1GUA FRIA REDE DE \u00c1GUA QUENTE REDE DE ESGOTO REDE DE \u00c1GUAS PLUVIAIS REDE DE \u00c1GUAS SERVIDAS REDE DE \u00c1GUAS DE REUSO REDE DE G\u00c1S INSTALA\u00c7\u00c3O DE [&hellip;]<\/p>\n","protected":false},"author":3,"featured_media":0,"parent":0,"menu_order":0,"comment_status":"closed","ping_status":"closed","template":"","meta":[],"_links":{"self":[{"href":"https:\/\/www.rsinstalacoeshe.com.br\/index.php?rest_route=\/wp\/v2\/pages\/828"}],"collection":[{"href":"https:\/\/www.rsinstalacoeshe.com.br\/index.php?rest_route=\/wp\/v2\/pages"}],"about":[{"href":"https:\/\/www.rsinstalacoeshe.com.br\/index.php?rest_route=\/wp\/v2\/types\/page"}],"author":[{"embeddable":true,"href":"https:\/\/www.rsinstalacoeshe.com.br\/index.php?rest_route=\/wp\/v2\/users\/3"}],"replies":[{"embeddable":true,"href":"https:\/\/www.rsinstalacoeshe.com.br\/index.php?rest_route=%2Fwp%2Fv2%2Fcomments&post=828"}],"version-history":[{"count":2,"href":"https:\/\/www.rsinstalacoeshe.com.br\/index.php?rest_route=\/wp\/v2\/pages\/828\/revisions"}],"predecessor-version":[{"id":896,"href":"https:\/\/www.rsinstalacoeshe.com.br\/index.php?rest_route=\/wp\/v2\/pages\/828\/revisions\/896"}],"wp:attachment":[{"href":"https:\/\/www.rsinstalacoeshe.com.br\/index.php?rest_route=%2Fwp%2Fv2%2Fmedia&parent=828"}],"curies":[{"name":"wp","href":"https:\/\/api.w.org\/{rel}","templated":true}]}}